{"id":6272,"date":"2026-04-14T16:37:50","date_gmt":"2026-04-14T13:37:50","guid":{"rendered":"https:\/\/shop.totemas.lt\/?post_type=product&#038;p=6272"},"modified":"2026-04-16T22:01:09","modified_gmt":"2026-04-16T19:01:09","slug":"15kw-auksto-voltazo-hibridinis3ph-inverteris-growatt-mid-15ktl3-xh","status":"publish","type":"product","link":"https:\/\/shop.totemas.lt\/ru\/product\/15kw-auksto-voltazo-hibridinis3ph-inverteris-growatt-mid-15ktl3-xh\/","title":{"rendered":"15kW Auk\u0161to volta\u017eo hibridinis(3Ph) inverteris Growatt MID 15KTL3-XH"},"content":{"rendered":"<h3>Pagrindin\u0117s funkcijos:<\/h3>\n<ol>\n<li><strong>Universalus suderinamumas:<\/strong>\u00a0Skland\u017eiai prisijunkite prie APX energijos kaupimo sistemos, kurios maksimali galia yra 60 kWh, kad patenkintum\u0117te besikei\u010dian\u010dius energijos poreikius.<\/li>\n<li><strong>Ekonomi\u0161ka investicija:<\/strong>\u00a0MID 15KTL3-XH serija i\u0161siskiria ekonomi\u0161ku po\u017ei\u016briu \u012f energijos valdym\u0105. Leid\u017eiant ma\u017eas pradines investicijas, tai atveria duris tvariems energijos sprendimams be dideli\u0173 i\u0161ankstini\u0173 i\u0161laid\u0173.<\/li>\n<li><strong>Ateities dizainas:<\/strong>\u00a0\u0160is keitiklis su dviem akumuliatoriaus s\u0105sajomis sukurtas taip, kad augt\u0173 kartu su j\u016bs\u0173 poreikiais. Lengvai i\u0161pl\u0117skite savo saugojimo sistem\u0105 ateityje be papildom\u0173 \u012frengini\u0173 ar modernizavimo i\u0161laid\u0173. \u0160i funkcija u\u017etikrina, kad j\u016bs\u0173 energetikos sistema atitikt\u0173 naujausius technologij\u0173 ir paj\u0117gum\u0173 reikalavimus.<\/li>\n<li><strong>Tvarumas ir efektyvumas:<\/strong>\u00a0\u012egalindamas per\u0117jim\u0105 prie atsinaujinan\u010di\u0173 energijos \u0161altini\u0173, MID 15KTL3-XH keitiklis prisideda prie tvaresnio ir ekologi\u0161kesnio energetikos kra\u0161tovaizd\u017eio. Jo dizainas teikia pirmenyb\u0119 energijos vartojimo efektyvumui, u\u017etikrinant, kad gautum\u0117te maksimali\u0105 naud\u0105 i\u0161 savo investicij\u0173.<\/li>\n<\/ol>","protected":false},"excerpt":{"rendered":"<p>Growatt MID 15KTL3-XH yra 15 kW hibridinis keitiklis, specialiai sukurtas komercin\u0117ms fotovoltin\u0117ms sistemoms, siekiant padidinti nepriklausomyb\u0119 nuo energijos rinkos, maksimaliai padidinant saul\u0117s energijos suvartojim\u0105.<\/p>","protected":false},"featured_media":5770,"comment_status":"open","ping_status":"closed","template":"","meta":[],"product_brand":[286],"product_cat":[308,307,297,309],"product_tag":[],"class_list":{"0":"post-6272","1":"product","2":"type-product","3":"status-publish","4":"has-post-thumbnail","6":"product_brand-growatt","7":"product_cat-auksto-voltazo-inverteriai-hibridiniai-inverteriai-2","8":"product_cat-hibridiniai-inverteriai-2","9":"product_cat-inverteriai-2","10":"product_cat-trifaziai-auksto-voltazo-inverteriai-hibridiniai-inverteriai-2","12":"first","13":"instock","14":"sale","15":"taxable","16":"shipping-taxable","17":"purchasable","18":"product-type-simple"},"_links":{"self":[{"href":"https:\/\/shop.totemas.lt\/ru\/wp-json\/wp\/v2\/product\/6272","targetHints":{"allow":["GET"]}}],"collection":[{"href":"https:\/\/shop.totemas.lt\/ru\/wp-json\/wp\/v2\/product"}],"about":[{"href":"https:\/\/shop.totemas.lt\/ru\/wp-json\/wp\/v2\/types\/product"}],"replies":[{"embeddable":true,"href":"https:\/\/shop.totemas.lt\/ru\/wp-json\/wp\/v2\/comments?post=6272"}],"wp:featuredmedia":[{"embeddable":true,"href":"https:\/\/shop.totemas.lt\/ru\/wp-json\/wp\/v2\/media\/5770"}],"wp:attachment":[{"href":"https:\/\/shop.totemas.lt\/ru\/wp-json\/wp\/v2\/media?parent=6272"}],"wp:term":[{"taxonomy":"product_brand","embeddable":true,"href":"https:\/\/shop.totemas.lt\/ru\/wp-json\/wp\/v2\/product_brand?post=6272"},{"taxonomy":"product_cat","embeddable":true,"href":"https:\/\/shop.totemas.lt\/ru\/wp-json\/wp\/v2\/product_cat?post=6272"},{"taxonomy":"product_tag","embeddable":true,"href":"https:\/\/shop.totemas.lt\/ru\/wp-json\/wp\/v2\/product_tag?post=6272"}],"curies":[{"name":"wp","href":"https:\/\/api.w.org\/{rel}","templated":true}]}}