{"id":6276,"date":"2026-04-14T16:37:51","date_gmt":"2026-04-14T13:37:51","guid":{"rendered":"https:\/\/shop.totemas.lt\/?post_type=product&#038;p=6276"},"modified":"2026-04-17T02:00:48","modified_gmt":"2026-04-16T23:00:48","slug":"growatt-backup-box-jungtis-prie-hibridinio-inverterio-syn-100-xh-30","status":"publish","type":"product","link":"https:\/\/shop.totemas.lt\/ru\/product\/growatt-backup-box-jungtis-prie-hibridinio-inverterio-syn-100-xh-30\/","title":{"rendered":"Growatt Backup Box &#8211; jungtis prie hibridinio inverterio SYN-100-XH-30"},"content":{"rendered":"<p><strong>GROWATT SYN-100-XH<\/strong> yra esminis j\u016bs\u0173 MID keitiklio komponentas su \u012fmontuota akumuliatoriaus sistema, leid\u017eian\u010dia skland\u017eiai pereiti prie akumuliatoriaus energijos nutr\u016bkus elektros tiekimui. \u0160i atsargin\u0117 d\u0117\u017eut\u0117 u\u017etikrina nepertraukiam\u0105 j\u016bs\u0173 nam\u0173 ar verslo maitinim\u0105, tod\u0117l pagrindiniai prietaisai ir \u012frenginiai veikia, kai sugenda pagrindinis maitinimo \u0161altinis.<\/p>\n<p>D\u0117l pa\u017eangios automatin\u0117s rel\u0117s perjungimo technologijos GROWATT atsargin\u0117 d\u0117\u017eut\u0117 yra patikimas ir efektyvus sprendimas nuolatiniam maitinimo \u0161altiniui palaikyti. Jis si\u016blo patogi\u0105 ir be r\u016bpes\u010di\u0173 s\u0105rank\u0105, leid\u017eian\u010di\u0105 lengvai integruoti su esamu MID XH serijos keitikliu.<\/p>\n<p>Neleiskite, kad elektros energijos tiekimo nutraukimas sutrikdyt\u0173 j\u016bs\u0173 kasdien\u0119 veikl\u0105 ar pakenkt\u0173 j\u016bs\u0173 elektros prietais\u0173 funkcionalumui. Investuokite \u012f GROWATT SYN atsargin\u0119 d\u0117\u017eut\u0119, trifaz\u0119 automatin\u0119 reli\u0173 perjungimo d\u0117\u017e\u0119 ir m\u0117gaukit\u0117s ramybe, kuri\u0105 suteikia nepertraukiamas maitinimas nenumatyt\u0173 elektros energijos tiekimo sutrikim\u0173 metu. Apsipirkite dabar ir \u012fsitikinkite, kad visada esate pasiruo\u0161\u0119 bet kokiam elektros energijos tiekimo nutraukimui naudodami GROWATT SYN atsargin\u0119 d\u0117\u017eut\u0119.<\/p>","protected":false},"excerpt":{"rendered":"<p>GROWATT SYN-100-XH-30 (atsargin\u0117 d\u0117\u017eut\u0117) yra specialiai sukurta naudoti su\u00a0<strong>MID-XH<\/strong>\u00a0serijos trifaziais tinklo keitikliais.<\/p>","protected":false},"featured_media":5774,"comment_status":"open","ping_status":"closed","template":"","meta":[],"product_brand":[286],"product_cat":[307,297],"product_tag":[],"class_list":{"0":"post-6276","1":"product","2":"type-product","3":"status-publish","4":"has-post-thumbnail","6":"product_brand-growatt","7":"product_cat-hibridiniai-inverteriai-2","8":"product_cat-inverteriai-2","10":"first","11":"instock","12":"sale","13":"taxable","14":"shipping-taxable","15":"purchasable","16":"product-type-simple"},"_links":{"self":[{"href":"https:\/\/shop.totemas.lt\/ru\/wp-json\/wp\/v2\/product\/6276","targetHints":{"allow":["GET"]}}],"collection":[{"href":"https:\/\/shop.totemas.lt\/ru\/wp-json\/wp\/v2\/product"}],"about":[{"href":"https:\/\/shop.totemas.lt\/ru\/wp-json\/wp\/v2\/types\/product"}],"replies":[{"embeddable":true,"href":"https:\/\/shop.totemas.lt\/ru\/wp-json\/wp\/v2\/comments?post=6276"}],"wp:featuredmedia":[{"embeddable":true,"href":"https:\/\/shop.totemas.lt\/ru\/wp-json\/wp\/v2\/media\/5774"}],"wp:attachment":[{"href":"https:\/\/shop.totemas.lt\/ru\/wp-json\/wp\/v2\/media?parent=6276"}],"wp:term":[{"taxonomy":"product_brand","embeddable":true,"href":"https:\/\/shop.totemas.lt\/ru\/wp-json\/wp\/v2\/product_brand?post=6276"},{"taxonomy":"product_cat","embeddable":true,"href":"https:\/\/shop.totemas.lt\/ru\/wp-json\/wp\/v2\/product_cat?post=6276"},{"taxonomy":"product_tag","embeddable":true,"href":"https:\/\/shop.totemas.lt\/ru\/wp-json\/wp\/v2\/product_tag?post=6276"}],"curies":[{"name":"wp","href":"https:\/\/api.w.org\/{rel}","templated":true}]}}