{"id":6293,"date":"2026-04-14T16:37:57","date_gmt":"2026-04-14T13:37:57","guid":{"rendered":"https:\/\/shop.totemas.lt\/?post_type=product&#038;p=6293"},"modified":"2026-04-17T08:00:40","modified_gmt":"2026-04-17T05:00:40","slug":"savisriegis-varztas-6x25-mm","status":"publish","type":"product","link":"https:\/\/shop.totemas.lt\/ru\/product\/savisriegis-varztas-6x25-mm\/","title":{"rendered":"Savisriegis var\u017etas 6&#215;25 mm."},"content":{"rendered":"<p><b>Montavimo sistemos apra\u0161ymas:<\/b><\/p>\n<ul>\n<li>Savisriegis var\u017etas 6 x\u00a0 25 mm. su sandarinimo guma;<\/li>\n<li>Auk\u0161tos kokyb\u0117s tvirtinimo konstrukcija saul\u0117s moduliams;<\/li>\n<li>Gamintojas: Voketija.<\/li>\n<\/ul>","protected":false},"excerpt":{"rendered":"<p>Montavimo sistemos apra\u0161ymas: Savisriegis var\u017etas 6 x\u00a0 25 mm. su sandarinimo guma; Auk\u0161tos kokyb\u0117s tvirtinimo konstrukcija saul\u0117s moduliams; Gamintojas: Voketija.<\/p>","protected":false},"featured_media":5815,"comment_status":"closed","ping_status":"closed","template":"","meta":[],"product_brand":[],"product_cat":[319,320,324],"product_tag":[],"class_list":{"0":"post-6293","1":"product","2":"type-product","3":"status-publish","4":"has-post-thumbnail","6":"product_cat-montavimo-medziagos-2","7":"product_cat-slaitiniam-stogui-montavimo-medziagos-2","8":"product_cat-trapeciniam-stogui-slaitiniam-stogui-montavimo-medziagos-2","10":"first","11":"instock","12":"sale","13":"taxable","14":"shipping-taxable","15":"purchasable","16":"product-type-simple"},"_links":{"self":[{"href":"https:\/\/shop.totemas.lt\/ru\/wp-json\/wp\/v2\/product\/6293","targetHints":{"allow":["GET"]}}],"collection":[{"href":"https:\/\/shop.totemas.lt\/ru\/wp-json\/wp\/v2\/product"}],"about":[{"href":"https:\/\/shop.totemas.lt\/ru\/wp-json\/wp\/v2\/types\/product"}],"replies":[{"embeddable":true,"href":"https:\/\/shop.totemas.lt\/ru\/wp-json\/wp\/v2\/comments?post=6293"}],"wp:featuredmedia":[{"embeddable":true,"href":"https:\/\/shop.totemas.lt\/ru\/wp-json\/wp\/v2\/media\/5815"}],"wp:attachment":[{"href":"https:\/\/shop.totemas.lt\/ru\/wp-json\/wp\/v2\/media?parent=6293"}],"wp:term":[{"taxonomy":"product_brand","embeddable":true,"href":"https:\/\/shop.totemas.lt\/ru\/wp-json\/wp\/v2\/product_brand?post=6293"},{"taxonomy":"product_cat","embeddable":true,"href":"https:\/\/shop.totemas.lt\/ru\/wp-json\/wp\/v2\/product_cat?post=6293"},{"taxonomy":"product_tag","embeddable":true,"href":"https:\/\/shop.totemas.lt\/ru\/wp-json\/wp\/v2\/product_tag?post=6293"}],"curies":[{"name":"wp","href":"https:\/\/api.w.org\/{rel}","templated":true}]}}