{"id":6296,"date":"2026-04-14T16:37:57","date_gmt":"2026-04-14T13:37:57","guid":{"rendered":"https:\/\/shop.totemas.lt\/?post_type=product&#038;p=6296"},"modified":"2026-04-16T22:00:38","modified_gmt":"2026-04-16T19:00:38","slug":"zemos-itampos-kaupiklis-dyness-dl5-0c","status":"publish","type":"product","link":"https:\/\/shop.totemas.lt\/ru\/product\/zemos-itampos-kaupiklis-dyness-dl5-0c\/","title":{"rendered":"\u017demos \u012ftampos kaupiklis Dyness DL5.0C"},"content":{"rendered":"<p class=\"\" data-start=\"1536\" data-end=\"1766\">&#8220;DYNESS DL5.0C&#8221; leid\u017eia steb\u0117ti per program\u0117l\u0119, tod\u0117l galima valdyti realiuoju laiku ir nuotoliniu b\u016bdu atnaujinti programin\u0119 \u012frang\u0105. Tai modulin\u0117s konstrukcijos \u012frenginys su lanks\u010diomis montavimo galimyb\u0117mis: ant sienos, grind\u0173 arba sukrautas.<\/p>\n<p class=\"\" data-start=\"1768\" data-end=\"2057\"><strong data-start=\"1771\" data-end=\"1800\">Sauga ir ilgaam\u017ei\u0161kumas<\/strong><br data-start=\"1800\" data-end=\"1803\" \/>LFP didel\u0117s saugos kamerose yra balansavimo funkcijos, o integruotas \u0161ildytuvas u\u017etikrina optimal\u0173 veikim\u0105 net ir esant \u017eemai temperat\u016brai. Akumuliatorius paruo\u0161tas ilgalaikiam, saugiam ir efektyviam darbui.<\/p>","protected":false},"excerpt":{"rendered":"<p>&#8220;DYNESS DL5.0C&#8221; yra auk\u0161tos kokyb\u0117s LiFePO4 LiFePO4 akumuliatorius, idealiai tinkantis naudoti gyvenamosiose patalpose ir ma\u017eose komercin\u0117se patalpose. \u0160is modulis, kurio talpa yra 5,12 kWh, o srov\u0117s stipris &#8211; 100 Ah, u\u017etikrina saul\u0117s energijos kaupimo lankstum\u0105 ir efektyvum\u0105.<\/p>","protected":false},"featured_media":5821,"comment_status":"closed","ping_status":"closed","template":"","meta":[],"product_brand":[227],"product_cat":[302,347],"product_tag":[],"class_list":{"0":"post-6296","1":"product","2":"type-product","3":"status-publish","4":"has-post-thumbnail","6":"product_brand-dyness","7":"product_cat-baterijos","8":"product_cat-zemo-voltazo-dyness","10":"first","11":"outofstock","12":"sale","13":"taxable","14":"shipping-taxable","15":"purchasable","16":"product-type-simple"},"_links":{"self":[{"href":"https:\/\/shop.totemas.lt\/ru\/wp-json\/wp\/v2\/product\/6296","targetHints":{"allow":["GET"]}}],"collection":[{"href":"https:\/\/shop.totemas.lt\/ru\/wp-json\/wp\/v2\/product"}],"about":[{"href":"https:\/\/shop.totemas.lt\/ru\/wp-json\/wp\/v2\/types\/product"}],"replies":[{"embeddable":true,"href":"https:\/\/shop.totemas.lt\/ru\/wp-json\/wp\/v2\/comments?post=6296"}],"wp:featuredmedia":[{"embeddable":true,"href":"https:\/\/shop.totemas.lt\/ru\/wp-json\/wp\/v2\/media\/5821"}],"wp:attachment":[{"href":"https:\/\/shop.totemas.lt\/ru\/wp-json\/wp\/v2\/media?parent=6296"}],"wp:term":[{"taxonomy":"product_brand","embeddable":true,"href":"https:\/\/shop.totemas.lt\/ru\/wp-json\/wp\/v2\/product_brand?post=6296"},{"taxonomy":"product_cat","embeddable":true,"href":"https:\/\/shop.totemas.lt\/ru\/wp-json\/wp\/v2\/product_cat?post=6296"},{"taxonomy":"product_tag","embeddable":true,"href":"https:\/\/shop.totemas.lt\/ru\/wp-json\/wp\/v2\/product_tag?post=6296"}],"curies":[{"name":"wp","href":"https:\/\/api.w.org\/{rel}","templated":true}]}}