{"id":6326,"date":"2026-04-17T11:07:31","date_gmt":"2026-04-17T08:07:31","guid":{"rendered":"https:\/\/shop.totemas.lt\/?post_type=product&#038;p=6326"},"modified":"2026-04-17T12:03:05","modified_gmt":"2026-04-17T09:03:05","slug":"50-kw-inverteris-solis-3ph-s5-gc50k","status":"publish","type":"product","link":"https:\/\/shop.totemas.lt\/ru\/product\/50-kw-inverteris-solis-3ph-s5-gc50k\/","title":{"rendered":"50 kW inverteris Solis (3Ph) S5-GC50K"},"content":{"rendered":"<p>Jame yra <strong>5 MPPT<\/strong> sekimo kanalai, maksimalus DC \u012f\u0117jimo \u012ftampos diapazonas siekia 1100 V, o maksimalus efektyvumas \u2013 iki 98,7 %. \u012erenginys pasi\u017eymi auk\u0161ta atsparumo klase IP65, korozijos atsparumu C5, ir turi i\u0161mani\u0105 au\u0161inimo sistem\u0105 bei galimyb\u0119 nuotoliniu b\u016bdu valdyti per debes\u0173 platform\u0105. Inverterio matmenys yra 691 \u00d7 578 \u00d7 338 mm, o svoris \u2013 apie 54,5 kg.<\/p>\n<p>S5-GC(25-50)K.<\/p>\n<p>25K\/30K\/33K\/36K\/40K\/40K-HV\/50K-HV.<\/p>\n<p>S5-GC(25-50)K nuoseklieji trifaz\u0117s grandin\u0117s inverteriai naudoja 3\/4 MPPT konstrukcij\u0105, kad b\u016bt\u0173 galima sukurti lankstesn\u0119 konfig\u016bracijos schem\u0105 su ma\u017eesniu poveikiu aplinkai ir didesniu gamybos efektyvumu. Veikia \u0161nab\u017edesio tylumu, taip sukuriant patogesn\u0119 ir draugi\u0161kesn\u0119 darbo ir gyvenimo aplink\u0105.<\/p>\n<p>&nbsp;<\/p>","protected":false},"excerpt":{"rendered":"<p>3 fazi\u0173, 5MPPT, 10 string\u0173 su DC i\u0161jung\u0117ju.<\/p>","protected":false},"featured_media":5168,"comment_status":"open","ping_status":"closed","template":"","meta":[],"product_brand":[223],"product_cat":[357,361,358,359],"product_tag":[],"class_list":{"0":"post-6326","1":"product","2":"type-product","3":"status-publish","4":"has-post-thumbnail","6":"product_brand-solis","7":"product_cat-inverteriai","8":"product_cat-nuo-20-kw","9":"product_cat-on-grid-standartiniai","10":"product_cat-trifaziai","12":"first","13":"outofstock","14":"sale","15":"taxable","16":"shipping-taxable","17":"purchasable","18":"product-type-simple"},"_links":{"self":[{"href":"https:\/\/shop.totemas.lt\/ru\/wp-json\/wp\/v2\/product\/6326","targetHints":{"allow":["GET"]}}],"collection":[{"href":"https:\/\/shop.totemas.lt\/ru\/wp-json\/wp\/v2\/product"}],"about":[{"href":"https:\/\/shop.totemas.lt\/ru\/wp-json\/wp\/v2\/types\/product"}],"replies":[{"embeddable":true,"href":"https:\/\/shop.totemas.lt\/ru\/wp-json\/wp\/v2\/comments?post=6326"}],"wp:featuredmedia":[{"embeddable":true,"href":"https:\/\/shop.totemas.lt\/ru\/wp-json\/wp\/v2\/media\/5168"}],"wp:attachment":[{"href":"https:\/\/shop.totemas.lt\/ru\/wp-json\/wp\/v2\/media?parent=6326"}],"wp:term":[{"taxonomy":"product_brand","embeddable":true,"href":"https:\/\/shop.totemas.lt\/ru\/wp-json\/wp\/v2\/product_brand?post=6326"},{"taxonomy":"product_cat","embeddable":true,"href":"https:\/\/shop.totemas.lt\/ru\/wp-json\/wp\/v2\/product_cat?post=6326"},{"taxonomy":"product_tag","embeddable":true,"href":"https:\/\/shop.totemas.lt\/ru\/wp-json\/wp\/v2\/product_tag?post=6326"}],"curies":[{"name":"wp","href":"https:\/\/api.w.org\/{rel}","templated":true}]}}