{"id":6329,"date":"2026-04-17T11:07:31","date_gmt":"2026-04-17T08:07:31","guid":{"rendered":"https:\/\/shop.totemas.lt\/?post_type=product&#038;p=6329"},"modified":"2026-04-17T15:02:36","modified_gmt":"2026-04-17T12:02:36","slug":"100-kw-inverteris-solis-3ph-100k-5g-pro","status":"publish","type":"product","link":"https:\/\/shop.totemas.lt\/ru\/product\/100-kw-inverteris-solis-3ph-100k-5g-pro\/","title":{"rendered":"100 kW inverteris Solis (3Ph) 100K-5G-PRO"},"content":{"rendered":"<p>\u201eSolis-80K-5G-PRO\u201c nuoseklieji trifaz\u0117s grandin\u0117s inverteriai \u2013 tai naujos kartos \u201eSolis 5G\u201c modeliai, skirti auk\u0161tos kokyb\u0117s komerciniams ir pramoniniams fotovoltiniams projektams. Did\u017eiausias PV grandin\u0117s \u012fvesties srov\u0117s stipris siekia iki 20 A, \u012frang\u0105 galima naudoti su \u012fvairiais efektyviais PV moduliais, deran\u010diais su didesniu nei 150 % nuolatin\u0117s srov\u0117s pertekliumi. U\u017etikrinamas didelis efektyvumas, stabilumas ir patikimumas. \u012eranga dera su RS485 \/ PLC \/ \u201eWi-Fi\u201c \/ GPRS ry\u0161io re\u017eimais. Kintamosios \/ nuolatin\u0117s srov\u0117s s\u0105sajos optimizavimo konstrukcija, patikimas kabeli\u0173 suderinamumas, patogus \u012frengimas ir l\u0117\u0161\u0173 taupymas. Kartu su gausiomis internetin\u0117mis eksploatacijos ir technin\u0117s prie\u017ei\u016bros priemon\u0117mis, kurias teikia \u201eSolis\u201c debes\u0173 platforma, efektyviai suma\u017einsite eksploatacijos bei technin\u0117s prie\u017ei\u016bros s\u0105naudas ir supaprastinsite proces\u0105, kartu padidindami sistemos efektyvum\u0105.<\/p>","protected":false},"excerpt":{"rendered":"<p>3 fazi\u0173, 8MPPT, 16 string\u0173 su DC i\u0161jung\u0117ju.<\/p>","protected":false},"featured_media":5169,"comment_status":"open","ping_status":"closed","template":"","meta":[],"product_brand":[223],"product_cat":[357,361,358,359],"product_tag":[],"class_list":{"0":"post-6329","1":"product","2":"type-product","3":"status-publish","4":"has-post-thumbnail","6":"product_brand-solis","7":"product_cat-inverteriai","8":"product_cat-nuo-20-kw","9":"product_cat-on-grid-standartiniai","10":"product_cat-trifaziai","12":"first","13":"instock","14":"sale","15":"taxable","16":"shipping-taxable","17":"purchasable","18":"product-type-simple"},"_links":{"self":[{"href":"https:\/\/shop.totemas.lt\/ru\/wp-json\/wp\/v2\/product\/6329","targetHints":{"allow":["GET"]}}],"collection":[{"href":"https:\/\/shop.totemas.lt\/ru\/wp-json\/wp\/v2\/product"}],"about":[{"href":"https:\/\/shop.totemas.lt\/ru\/wp-json\/wp\/v2\/types\/product"}],"replies":[{"embeddable":true,"href":"https:\/\/shop.totemas.lt\/ru\/wp-json\/wp\/v2\/comments?post=6329"}],"wp:featuredmedia":[{"embeddable":true,"href":"https:\/\/shop.totemas.lt\/ru\/wp-json\/wp\/v2\/media\/5169"}],"wp:attachment":[{"href":"https:\/\/shop.totemas.lt\/ru\/wp-json\/wp\/v2\/media?parent=6329"}],"wp:term":[{"taxonomy":"product_brand","embeddable":true,"href":"https:\/\/shop.totemas.lt\/ru\/wp-json\/wp\/v2\/product_brand?post=6329"},{"taxonomy":"product_cat","embeddable":true,"href":"https:\/\/shop.totemas.lt\/ru\/wp-json\/wp\/v2\/product_cat?post=6329"},{"taxonomy":"product_tag","embeddable":true,"href":"https:\/\/shop.totemas.lt\/ru\/wp-json\/wp\/v2\/product_tag?post=6329"}],"curies":[{"name":"wp","href":"https:\/\/api.w.org\/{rel}","templated":true}]}}