{"id":6343,"date":"2026-04-17T11:07:37","date_gmt":"2026-04-17T08:07:37","guid":{"rendered":"https:\/\/shop.totemas.lt\/?post_type=product&#038;p=6343"},"modified":"2026-04-17T13:02:30","modified_gmt":"2026-04-17T10:02:30","slug":"50-kw-auksto-voltazo-3ph-4mppt-solis-inverteris-s6-eh3p50k-h","status":"publish","type":"product","link":"https:\/\/shop.totemas.lt\/ru\/product\/50-kw-auksto-voltazo-3ph-4mppt-solis-inverteris-s6-eh3p50k-h\/","title":{"rendered":"50 kW auk\u0161to volta\u017eo (3Ph) 4MPPT Solis inverteris S6-EH3P50K-H"},"content":{"rendered":"<ul class=\"list-p1\">\n<li class=\"col_lg_12 col_xs_24\">Perjungimo trukm\u0117 \u2264 10 ms;<\/li>\n<li class=\"col_lg_12 col_xs_24\">\u012ekrovimo ir i\u0161krovimo srov\u0117s iki 140A;<\/li>\n<li class=\"col_lg_12 col_xs_24\">Palaiko 100% trifaz\u0119 nesubalansuot\u0105 i\u0161vest\u012f;<\/li>\n<li class=\"col_lg_12 col_xs_24\">Palaiko &#8220;Solis C&amp;I&#8221; akumuliatori\u0173 sprendim\u0105;<\/li>\n<li class=\"col_lg_12 col_xs_24\">Suderinamas su pagrindiniais li\u010dio akumuliatoriais;<\/li>\n<li class=\"col_lg_12 col_xs_24\">Did\u017e. 160% perkrovos paj\u0117gumas i\u0161jungto tinklo re\u017eimu;<\/li>\n<li class=\"col_lg_12 col_xs_24\">Bluetooth program\u0117l\u0117s palaikymas &#8211; greitas ir paprastas nustatymas;<\/li>\n<li class=\"col_lg_12 col_xs_24\">Pritaikymas prie tre\u010di\u0173j\u0173 \u0161ali\u0173 VPP platformos, da\u017enio paslaug\u0173 teik\u0117jo;<\/li>\n<li class=\"col_lg_12 col_xs_24\">200% PV \u012fvesties galia, kad b\u016bt\u0173 maksimaliai i\u0161naudojama saul\u0117s energija;<\/li>\n<li class=\"col_lg_12 col_xs_24\">AI i\u0161maniai valdo \u012fkrovim\u0105 ir i\u0161krovim\u0105 pagal TOU (angl. Time-of-Use) tarifus;<\/li>\n<li class=\"col_lg_12 col_xs_24\">7 coli\u0173 skyst\u0173j\u0173 kristal\u0173 ekranas, u\u017etikrinantis intuityvi\u0105 naudotojo patirt\u012f;<\/li>\n<li class=\"col_lg_12 col_xs_24\">Lengvai i\u0161pl\u0117skite sistemos talp\u0105 naudodami lygiagre\u010dias jungtis ir kintamosios srov\u0117s jungt\u012f.<\/li>\n<\/ul>","protected":false},"excerpt":{"rendered":"<p><strong>Pristatome S6-EH3P(30-50)K-H<\/strong> serij\u0105. Tai \u2013 auk\u0161tos \u012ftampos, trifaz\u0117s energijos kaupimo \u012frenginiai komercin\u0117ms \u012frengtims. \u0160i inverteri\u0173 serija, pasi\u017eyminti maksimalia 70 A + 70 A \u012fkrovimo \/ i\u0161krovimo srove dviejuose nepriklausomai valdomuose akumuliatori\u0173 prievaduose, turi keturis integruotus MPPT, kuri\u0173 grandin\u0117s srov\u0117s stipris siekia iki 20 A. Taip u\u017etikrinamas neprilygstamas energijos tiekimas. S6-EH3P(30-50)K-H serijos \u012frenginiai tinka veikti tinkle arba atjungus nuo jo, jie gali veikti lygiagre\u010diai su iki \u0161e\u0161i\u0173 \u012frengini\u0173, o rezervinis prievadas gali trumpam palaikyti 1,6 karto didesn\u0119 perkrov\u0105. \u0160i naujausia serija suderinama su \u012fvairiais akumuliatoriais d\u0117l plataus \u012ftampos diapazono, be to, joje si\u016blomas piko energijos taupymo valdymas tiek \u201esavojo naudojimo\u201c, tiek \u201egeneratoriaus\u201c re\u017eimais.<\/p>","protected":false},"featured_media":5238,"comment_status":"open","ping_status":"closed","template":"","meta":[],"product_brand":[223],"product_cat":[368,367,357,369],"product_tag":[],"class_list":{"0":"post-6343","1":"product","2":"type-product","3":"status-publish","4":"has-post-thumbnail","6":"product_brand-solis","7":"product_cat-auksto-voltazo-inverteriai","8":"product_cat-hibridiniai","9":"product_cat-inverteriai","10":"product_cat-trifaziai-auksto-voltazo-inverteriai","12":"first","13":"outofstock","14":"sale","15":"taxable","16":"shipping-taxable","17":"purchasable","18":"product-type-simple"},"_links":{"self":[{"href":"https:\/\/shop.totemas.lt\/ru\/wp-json\/wp\/v2\/product\/6343","targetHints":{"allow":["GET"]}}],"collection":[{"href":"https:\/\/shop.totemas.lt\/ru\/wp-json\/wp\/v2\/product"}],"about":[{"href":"https:\/\/shop.totemas.lt\/ru\/wp-json\/wp\/v2\/types\/product"}],"replies":[{"embeddable":true,"href":"https:\/\/shop.totemas.lt\/ru\/wp-json\/wp\/v2\/comments?post=6343"}],"wp:featuredmedia":[{"embeddable":true,"href":"https:\/\/shop.totemas.lt\/ru\/wp-json\/wp\/v2\/media\/5238"}],"wp:attachment":[{"href":"https:\/\/shop.totemas.lt\/ru\/wp-json\/wp\/v2\/media?parent=6343"}],"wp:term":[{"taxonomy":"product_brand","embeddable":true,"href":"https:\/\/shop.totemas.lt\/ru\/wp-json\/wp\/v2\/product_brand?post=6343"},{"taxonomy":"product_cat","embeddable":true,"href":"https:\/\/shop.totemas.lt\/ru\/wp-json\/wp\/v2\/product_cat?post=6343"},{"taxonomy":"product_tag","embeddable":true,"href":"https:\/\/shop.totemas.lt\/ru\/wp-json\/wp\/v2\/product_tag?post=6343"}],"curies":[{"name":"wp","href":"https:\/\/api.w.org\/{rel}","templated":true}]}}