{"id":6371,"date":"2026-04-17T11:07:43","date_gmt":"2026-04-17T08:07:43","guid":{"rendered":"https:\/\/shop.totemas.lt\/?post_type=product&#038;p=6371"},"modified":"2026-04-17T12:02:26","modified_gmt":"2026-04-17T09:02:26","slug":"aliuminis-begelis-582-m-juodas","status":"publish","type":"product","link":"https:\/\/shop.totemas.lt\/ru\/product\/aliuminis-begelis-582-m-juodas\/","title":{"rendered":"Aliuminis b\u0117gelis 5,82 m.  JUODAS"},"content":{"rendered":"<p><b>Montavimo sistemos apra\u0161ymas:<\/b><\/p>\n<ul>\n<li>Spalva: juoda;<\/li>\n<li>Auk\u0161tos kokyb\u0117s tvirtinimo konstrukcija saul\u0117s moduliams;<\/li>\n<li>Gamintojas: GOOMAX;<\/li>\n<li>Garantija metais: 12.<\/li>\n<\/ul>","protected":false},"excerpt":{"rendered":"<p>Pristatymas 2-4 d.d.<\/p>","protected":false},"featured_media":5316,"comment_status":"closed","ping_status":"closed","template":"","meta":[],"product_brand":[251],"product_cat":[392,381,382,379,383,380],"product_tag":[],"class_list":{"0":"post-6371","1":"product","2":"type-product","3":"status-publish","4":"has-post-thumbnail","6":"product_brand-goomax","7":"product_cat-bituminiam-stogui","8":"product_cat-cerpiniam-stogui","9":"product_cat-klasikiniam-stogui","10":"product_cat-montavimo-medziagos","11":"product_cat-siferiniam-stogui","12":"product_cat-slaitiniam-stogui","14":"first","15":"instock","16":"sale","17":"taxable","18":"shipping-taxable","19":"purchasable","20":"product-type-simple"},"_links":{"self":[{"href":"https:\/\/shop.totemas.lt\/ru\/wp-json\/wp\/v2\/product\/6371","targetHints":{"allow":["GET"]}}],"collection":[{"href":"https:\/\/shop.totemas.lt\/ru\/wp-json\/wp\/v2\/product"}],"about":[{"href":"https:\/\/shop.totemas.lt\/ru\/wp-json\/wp\/v2\/types\/product"}],"replies":[{"embeddable":true,"href":"https:\/\/shop.totemas.lt\/ru\/wp-json\/wp\/v2\/comments?post=6371"}],"wp:featuredmedia":[{"embeddable":true,"href":"https:\/\/shop.totemas.lt\/ru\/wp-json\/wp\/v2\/media\/5316"}],"wp:attachment":[{"href":"https:\/\/shop.totemas.lt\/ru\/wp-json\/wp\/v2\/media?parent=6371"}],"wp:term":[{"taxonomy":"product_brand","embeddable":true,"href":"https:\/\/shop.totemas.lt\/ru\/wp-json\/wp\/v2\/product_brand?post=6371"},{"taxonomy":"product_cat","embeddable":true,"href":"https:\/\/shop.totemas.lt\/ru\/wp-json\/wp\/v2\/product_cat?post=6371"},{"taxonomy":"product_tag","embeddable":true,"href":"https:\/\/shop.totemas.lt\/ru\/wp-json\/wp\/v2\/product_tag?post=6371"}],"curies":[{"name":"wp","href":"https:\/\/api.w.org\/{rel}","templated":true}]}}