{"id":6377,"date":"2026-04-17T11:07:44","date_gmt":"2026-04-17T08:07:44","guid":{"rendered":"https:\/\/shop.totemas.lt\/?post_type=product&#038;p=6377"},"modified":"2026-04-17T17:01:51","modified_gmt":"2026-04-17T14:01:51","slug":"vienfazis-smart-meter-meter-1p-built-in-ct-be-magnetu-acrel","status":"publish","type":"product","link":"https:\/\/shop.totemas.lt\/ru\/product\/vienfazis-smart-meter-meter-1p-built-in-ct-be-magnetu-acrel\/","title":{"rendered":"Vienfazis SMART METER (Meter-1P Built-in CT) be magnet\u0173 Acrel"},"content":{"rendered":"<p>\u25cf <strong>Etalonin\u0117 \u012ftampa:<\/strong> AC 220V;<br \/>\n\u25cf<strong> \u012evesties srov\u0117:<\/strong> 10\uff0860\uff09A;<br \/>\n\u25cf Ma\u017eas kompakti\u0161kas dydis;<br \/>\n\u25cf \u012evairi\u0173 elektros parametr\u0173 matavimas;<br \/>\n\u25cf Keli\u0173 tarif\u0173 \/ lankstus tarifas;<br \/>\n\u25cf RS485 (MODBUS-RTU);<br \/>\n\u25cf <strong>Modelis:<\/strong> ADL100.<\/p>","protected":false},"excerpt":{"rendered":"<p>&#8220;Acrel sungrow&#8221; i\u0161manusis skaitiklis DTSD1352 din b\u0117gio tipo daugiafunkcis energijos skaitiklis yra i\u0161manusis prietaisas, skirtas daugiausia energetikos statistikai ir energetikos sistem\u0173, pramon\u0117s ir kasybos \u012fmoni\u0173 bei vie\u0161\u0173j\u0173 objekt\u0173 valdymo poreikiams tenkinti.<\/p>\n<p>&nbsp;<\/p>","protected":false},"featured_media":5322,"comment_status":"open","ping_status":"closed","template":"","meta":[],"product_brand":[238,223],"product_cat":[370,371,394],"product_tag":[],"class_list":{"0":"post-6377","1":"product","2":"type-product","3":"status-publish","4":"has-post-thumbnail","6":"product_brand-acrel","7":"product_brand-solis","8":"product_cat-priedai","9":"product_cat-smart-meter","10":"product_cat-vienfaziai","12":"first","13":"instock","14":"sale","15":"taxable","16":"shipping-taxable","17":"purchasable","18":"product-type-simple"},"_links":{"self":[{"href":"https:\/\/shop.totemas.lt\/ru\/wp-json\/wp\/v2\/product\/6377","targetHints":{"allow":["GET"]}}],"collection":[{"href":"https:\/\/shop.totemas.lt\/ru\/wp-json\/wp\/v2\/product"}],"about":[{"href":"https:\/\/shop.totemas.lt\/ru\/wp-json\/wp\/v2\/types\/product"}],"replies":[{"embeddable":true,"href":"https:\/\/shop.totemas.lt\/ru\/wp-json\/wp\/v2\/comments?post=6377"}],"wp:featuredmedia":[{"embeddable":true,"href":"https:\/\/shop.totemas.lt\/ru\/wp-json\/wp\/v2\/media\/5322"}],"wp:attachment":[{"href":"https:\/\/shop.totemas.lt\/ru\/wp-json\/wp\/v2\/media?parent=6377"}],"wp:term":[{"taxonomy":"product_brand","embeddable":true,"href":"https:\/\/shop.totemas.lt\/ru\/wp-json\/wp\/v2\/product_brand?post=6377"},{"taxonomy":"product_cat","embeddable":true,"href":"https:\/\/shop.totemas.lt\/ru\/wp-json\/wp\/v2\/product_cat?post=6377"},{"taxonomy":"product_tag","embeddable":true,"href":"https:\/\/shop.totemas.lt\/ru\/wp-json\/wp\/v2\/product_tag?post=6377"}],"curies":[{"name":"wp","href":"https:\/\/api.w.org\/{rel}","templated":true}]}}