{"id":6387,"date":"2026-04-17T11:07:45","date_gmt":"2026-04-17T08:07:45","guid":{"rendered":"https:\/\/shop.totemas.lt\/?post_type=product&#038;p=6387"},"modified":"2026-04-17T16:02:45","modified_gmt":"2026-04-17T13:02:45","slug":"priekine-koja-sutapdintam-15-stogui","status":"publish","type":"product","link":"https:\/\/shop.totemas.lt\/ru\/product\/priekine-koja-sutapdintam-15-stogui\/","title":{"rendered":"Priekin\u0117 koja sutapdintam 15\u00b0 stogui"},"content":{"rendered":"<p>\u201eGoomax\u201c priekin\u0117 kojel\u0117 sutapdintam stogui yra specialiai sukurta tvirtinimo detal\u0117, skirta saul\u0117s moduli\u0173 montavimui ant si\u016blini\u0173 (sutapdint\u0173) stog\u0173, kur nereikia gr\u0119\u017eti dangos. Ji leid\u017eia saugiai pritvirtinti aliuminio b\u0117gel\u012f prie stogo si\u016bl\u0117s, i\u0161laikant stogo sandarum\u0105.<\/p>","protected":false},"excerpt":{"rendered":"<p>\u201eGoomax\u201c priekin\u0117 kojel\u0117 sutapdintam stogui yra specialiai sukurta tvirtinimo detal\u0117, skirta saul\u0117s moduli\u0173 montavimui ant si\u016blini\u0173 (sutapdint\u0173) stog\u0173, kur nereikia gr\u0119\u017eti dangos. Ji leid\u017eia saugiai pritvirtinti aliuminio b\u0117gel\u012f prie stogo si\u016bl\u0117s, i\u0161laikant stogo sandarum\u0105.<\/p>","protected":false},"featured_media":5336,"comment_status":"open","ping_status":"closed","template":"","meta":[],"product_brand":[251],"product_cat":[379,385,387],"product_tag":[],"class_list":{"0":"post-6387","1":"product","2":"type-product","3":"status-publish","4":"has-post-thumbnail","6":"product_brand-goomax","7":"product_cat-montavimo-medziagos","8":"product_cat-sutapdintam-stogui","9":"product_cat-sutapdintam-stogui-15","11":"first","12":"instock","13":"sale","14":"taxable","15":"shipping-taxable","16":"purchasable","17":"product-type-simple"},"_links":{"self":[{"href":"https:\/\/shop.totemas.lt\/ru\/wp-json\/wp\/v2\/product\/6387","targetHints":{"allow":["GET"]}}],"collection":[{"href":"https:\/\/shop.totemas.lt\/ru\/wp-json\/wp\/v2\/product"}],"about":[{"href":"https:\/\/shop.totemas.lt\/ru\/wp-json\/wp\/v2\/types\/product"}],"replies":[{"embeddable":true,"href":"https:\/\/shop.totemas.lt\/ru\/wp-json\/wp\/v2\/comments?post=6387"}],"wp:featuredmedia":[{"embeddable":true,"href":"https:\/\/shop.totemas.lt\/ru\/wp-json\/wp\/v2\/media\/5336"}],"wp:attachment":[{"href":"https:\/\/shop.totemas.lt\/ru\/wp-json\/wp\/v2\/media?parent=6387"}],"wp:term":[{"taxonomy":"product_brand","embeddable":true,"href":"https:\/\/shop.totemas.lt\/ru\/wp-json\/wp\/v2\/product_brand?post=6387"},{"taxonomy":"product_cat","embeddable":true,"href":"https:\/\/shop.totemas.lt\/ru\/wp-json\/wp\/v2\/product_cat?post=6387"},{"taxonomy":"product_tag","embeddable":true,"href":"https:\/\/shop.totemas.lt\/ru\/wp-json\/wp\/v2\/product_tag?post=6387"}],"curies":[{"name":"wp","href":"https:\/\/api.w.org\/{rel}","templated":true}]}}