{"id":6394,"date":"2026-04-17T11:07:45","date_gmt":"2026-04-17T08:07:45","guid":{"rendered":"https:\/\/shop.totemas.lt\/?post_type=product&#038;p=6394"},"modified":"2026-04-17T13:01:45","modified_gmt":"2026-04-17T10:01:45","slug":"t-nuts-priekines-kojeles-laikiklis-su-apvalia-plokstele-10","status":"publish","type":"product","link":"https:\/\/shop.totemas.lt\/ru\/product\/t-nuts-priekines-kojeles-laikiklis-su-apvalia-plokstele-10\/","title":{"rendered":"T nuts priekin\u0117s kojel\u0117s laikiklis su apvalia plok\u0161tele 10\u00b0"},"content":{"rendered":"<p><!--StartFragment --><\/p>\n<p>Skirtas priekinei kojai ant sutapdinto stogo, yra aliuminio b\u0117gelio laikiklis su var\u017etu ir fiksuojama ver\u017ele, specialiai pritaikytas Goomax montavimo sistemoms.<\/p>\n<p><!--EndFragment --><\/p>","protected":false},"excerpt":{"rendered":"<p>Skirtas priekinei kojai ant sutapdinto stogo, yra aliuminio b\u0117gelio laikiklis su var\u017etu ir fiksuojama ver\u017ele, specialiai pritaikytas Goomax montavimo sistemoms.<\/p>","protected":false},"featured_media":5361,"comment_status":"open","ping_status":"closed","template":"","meta":[],"product_brand":[251],"product_cat":[379,385,386],"product_tag":[],"class_list":{"0":"post-6394","1":"product","2":"type-product","3":"status-publish","4":"has-post-thumbnail","6":"product_brand-goomax","7":"product_cat-montavimo-medziagos","8":"product_cat-sutapdintam-stogui","9":"product_cat-sutapdintam-stogui-10","11":"first","12":"instock","13":"sale","14":"taxable","15":"shipping-taxable","16":"purchasable","17":"product-type-simple"},"_links":{"self":[{"href":"https:\/\/shop.totemas.lt\/ru\/wp-json\/wp\/v2\/product\/6394","targetHints":{"allow":["GET"]}}],"collection":[{"href":"https:\/\/shop.totemas.lt\/ru\/wp-json\/wp\/v2\/product"}],"about":[{"href":"https:\/\/shop.totemas.lt\/ru\/wp-json\/wp\/v2\/types\/product"}],"replies":[{"embeddable":true,"href":"https:\/\/shop.totemas.lt\/ru\/wp-json\/wp\/v2\/comments?post=6394"}],"wp:featuredmedia":[{"embeddable":true,"href":"https:\/\/shop.totemas.lt\/ru\/wp-json\/wp\/v2\/media\/5361"}],"wp:attachment":[{"href":"https:\/\/shop.totemas.lt\/ru\/wp-json\/wp\/v2\/media?parent=6394"}],"wp:term":[{"taxonomy":"product_brand","embeddable":true,"href":"https:\/\/shop.totemas.lt\/ru\/wp-json\/wp\/v2\/product_brand?post=6394"},{"taxonomy":"product_cat","embeddable":true,"href":"https:\/\/shop.totemas.lt\/ru\/wp-json\/wp\/v2\/product_cat?post=6394"},{"taxonomy":"product_tag","embeddable":true,"href":"https:\/\/shop.totemas.lt\/ru\/wp-json\/wp\/v2\/product_tag?post=6394"}],"curies":[{"name":"wp","href":"https:\/\/api.w.org\/{rel}","templated":true}]}}