{"id":6399,"date":"2026-04-17T11:07:46","date_gmt":"2026-04-17T08:07:46","guid":{"rendered":"https:\/\/shop.totemas.lt\/?post_type=product&#038;p=6399"},"modified":"2026-04-17T15:01:35","modified_gmt":"2026-04-17T12:01:35","slug":"klasikinio-skardos-begelio-sujungejas-suspaudejes","status":"publish","type":"product","link":"https:\/\/shop.totemas.lt\/ru\/product\/klasikinio-skardos-begelio-sujungejas-suspaudejes\/","title":{"rendered":"Klasikinio skardos b\u0117gelio sujung\u0117jas (suspaud\u0117jes)"},"content":{"rendered":"<p><!--StartFragment --><\/p>\n<p>Tai yra tvirtinimo elementas, naudojamas sujungti klasikinius skardos b\u0117gelius, da\u017eniausiai montuojant saul\u0117s moduli\u0173 sistemas ant stogo. \u0160is sujung\u0117jas (arba prispaud\u0117jas) u\u017etikrina, kad b\u0117geliai b\u016bt\u0173 tvirtai ir saugiai sujungti vienas su kitu, da\u017enai naudojant var\u017et\u0105 ir ver\u017el\u0119.<\/p>\n<p><!--EndFragment --><\/p>","protected":false},"excerpt":{"rendered":"<p>Tai yra tvirtinimo elementas, naudojamas sujungti klasikinius skardos b\u0117gelius, da\u017eniausiai montuojant saul\u0117s moduli\u0173 sistemas ant stogo. \u0160is sujung\u0117jas (arba prispaud\u0117jas) u\u017etikrina, kad b\u0117geliai b\u016bt\u0173 tvirtai ir saugiai sujungti vienas su kitu, da\u017enai naudojant var\u017et\u0105 ir ver\u017el\u0119.<\/p>","protected":false},"featured_media":5366,"comment_status":"open","ping_status":"closed","template":"","meta":[],"product_brand":[251],"product_cat":[392,382,379,383,380],"product_tag":[],"class_list":{"0":"post-6399","1":"product","2":"type-product","3":"status-publish","4":"has-post-thumbnail","6":"product_brand-goomax","7":"product_cat-bituminiam-stogui","8":"product_cat-klasikiniam-stogui","9":"product_cat-montavimo-medziagos","10":"product_cat-siferiniam-stogui","11":"product_cat-slaitiniam-stogui","13":"first","14":"instock","15":"sale","16":"taxable","17":"shipping-taxable","18":"purchasable","19":"product-type-simple"},"_links":{"self":[{"href":"https:\/\/shop.totemas.lt\/ru\/wp-json\/wp\/v2\/product\/6399","targetHints":{"allow":["GET"]}}],"collection":[{"href":"https:\/\/shop.totemas.lt\/ru\/wp-json\/wp\/v2\/product"}],"about":[{"href":"https:\/\/shop.totemas.lt\/ru\/wp-json\/wp\/v2\/types\/product"}],"replies":[{"embeddable":true,"href":"https:\/\/shop.totemas.lt\/ru\/wp-json\/wp\/v2\/comments?post=6399"}],"wp:featuredmedia":[{"embeddable":true,"href":"https:\/\/shop.totemas.lt\/ru\/wp-json\/wp\/v2\/media\/5366"}],"wp:attachment":[{"href":"https:\/\/shop.totemas.lt\/ru\/wp-json\/wp\/v2\/media?parent=6399"}],"wp:term":[{"taxonomy":"product_brand","embeddable":true,"href":"https:\/\/shop.totemas.lt\/ru\/wp-json\/wp\/v2\/product_brand?post=6399"},{"taxonomy":"product_cat","embeddable":true,"href":"https:\/\/shop.totemas.lt\/ru\/wp-json\/wp\/v2\/product_cat?post=6399"},{"taxonomy":"product_tag","embeddable":true,"href":"https:\/\/shop.totemas.lt\/ru\/wp-json\/wp\/v2\/product_tag?post=6399"}],"curies":[{"name":"wp","href":"https:\/\/api.w.org\/{rel}","templated":true}]}}