{"id":6404,"date":"2026-04-17T11:07:52","date_gmt":"2026-04-17T08:07:52","guid":{"rendered":"https:\/\/shop.totemas.lt\/?post_type=product&#038;p=6404"},"modified":"2026-04-17T12:01:47","modified_gmt":"2026-04-17T09:01:47","slug":"vidurinis-balastinis-deklas-sutapdintam-stogui","status":"publish","type":"product","link":"https:\/\/shop.totemas.lt\/ru\/product\/vidurinis-balastinis-deklas-sutapdintam-stogui\/","title":{"rendered":"Vidurinis balastinis d\u0117klas sutapdintam stogui"},"content":{"rendered":"<p><!--StartFragment --><\/p>\n<p>Vidurinis balastinis d\u0117klas sutapdintam stogui yra tvirtinimo konstrukcijos dalis, skirta saul\u0117s moduli\u0173 montavimui ant plok\u0161\u010dio (sutapdinto) stogo be tiesioginio tvirtinimo prie stogo dangos. Jis padeda paskirstyti svor\u012f ir u\u017etikrina stabilum\u0105, ypa\u010d kai naudojama balastin\u0117 sistema.<\/p>\n<p><!--EndFragment --><\/p>","protected":false},"excerpt":{"rendered":"<p>Vidurinis balastinis d\u0117klas sutapdintam stogui yra tvirtinimo konstrukcijos dalis, skirta saul\u0117s moduli\u0173 montavimui ant plok\u0161\u010dio (sutapdinto) stogo be tiesioginio tvirtinimo prie stogo dangos.<\/p>","protected":false},"featured_media":5371,"comment_status":"open","ping_status":"closed","template":"","meta":[],"product_brand":[251],"product_cat":[379,385,387],"product_tag":[],"class_list":{"0":"post-6404","1":"product","2":"type-product","3":"status-publish","4":"has-post-thumbnail","6":"product_brand-goomax","7":"product_cat-montavimo-medziagos","8":"product_cat-sutapdintam-stogui","9":"product_cat-sutapdintam-stogui-15","11":"first","12":"instock","13":"sale","14":"taxable","15":"shipping-taxable","16":"purchasable","17":"product-type-simple"},"_links":{"self":[{"href":"https:\/\/shop.totemas.lt\/ru\/wp-json\/wp\/v2\/product\/6404","targetHints":{"allow":["GET"]}}],"collection":[{"href":"https:\/\/shop.totemas.lt\/ru\/wp-json\/wp\/v2\/product"}],"about":[{"href":"https:\/\/shop.totemas.lt\/ru\/wp-json\/wp\/v2\/types\/product"}],"replies":[{"embeddable":true,"href":"https:\/\/shop.totemas.lt\/ru\/wp-json\/wp\/v2\/comments?post=6404"}],"wp:featuredmedia":[{"embeddable":true,"href":"https:\/\/shop.totemas.lt\/ru\/wp-json\/wp\/v2\/media\/5371"}],"wp:attachment":[{"href":"https:\/\/shop.totemas.lt\/ru\/wp-json\/wp\/v2\/media?parent=6404"}],"wp:term":[{"taxonomy":"product_brand","embeddable":true,"href":"https:\/\/shop.totemas.lt\/ru\/wp-json\/wp\/v2\/product_brand?post=6404"},{"taxonomy":"product_cat","embeddable":true,"href":"https:\/\/shop.totemas.lt\/ru\/wp-json\/wp\/v2\/product_cat?post=6404"},{"taxonomy":"product_tag","embeddable":true,"href":"https:\/\/shop.totemas.lt\/ru\/wp-json\/wp\/v2\/product_tag?post=6404"}],"curies":[{"name":"wp","href":"https:\/\/api.w.org\/{rel}","templated":true}]}}