{"id":6412,"date":"2026-04-17T11:07:52","date_gmt":"2026-04-17T08:07:52","guid":{"rendered":"https:\/\/shop.totemas.lt\/?post_type=product&#038;p=6412"},"modified":"2026-04-17T13:01:30","modified_gmt":"2026-04-17T10:01:30","slug":"enershare-ismani-saules-baterijos-kaupiklio-valdymo-sistema-bms-bdu","status":"publish","type":"product","link":"https:\/\/shop.totemas.lt\/ru\/product\/enershare-ismani-saules-baterijos-kaupiklio-valdymo-sistema-bms-bdu\/","title":{"rendered":"Enershare i\u0161mani saul\u0117s baterijos kaupiklio valdymo sistema BMS\/BDU"},"content":{"rendered":"<p><strong>Enershare Energy-Core<\/strong>\u00a0\u00a0\u2013 tai auk\u0161tos \u012ftampos LFP technologijos energijos kaupiklis su galimybe augti kartu su j\u016bs\u0173 poreikiais. D\u0117l modulin\u0117s konstrukcijos ir Plug&amp;Play prijungimo sistema gali b\u016bti montuojamas vieno \u017emogaus, be papildomos programin\u0117s \u012frangos. Tinka tiek ON-Grid, tiek OFF-Grid sistemoms. BMS leid\u017eia sekti b\u016bkl\u0119 realiu laiku, o IP65 apsauga u\u017etikrina atsparum\u0105 dr\u0117gmei ir dulk\u0117ms.<\/p>","protected":false},"excerpt":{"rendered":"<p>Akumuliatorius valdymo sistema (BMS)Enershare BMS\/BDU.<\/p>","protected":false},"featured_media":4464,"comment_status":"open","ping_status":"closed","template":"","meta":[],"product_brand":[269],"product_cat":[377,362,378],"product_tag":[],"class_list":{"0":"post-6412","1":"product","2":"type-product","3":"status-publish","4":"has-post-thumbnail","6":"product_brand-enershare","7":"product_cat-auksto-voltazo-baterijos","8":"product_cat-baterijos","9":"product_cat-bateriju-priedai","11":"first","12":"instock","13":"sale","14":"taxable","15":"shipping-taxable","16":"purchasable","17":"product-type-simple"},"_links":{"self":[{"href":"https:\/\/shop.totemas.lt\/ru\/wp-json\/wp\/v2\/product\/6412","targetHints":{"allow":["GET"]}}],"collection":[{"href":"https:\/\/shop.totemas.lt\/ru\/wp-json\/wp\/v2\/product"}],"about":[{"href":"https:\/\/shop.totemas.lt\/ru\/wp-json\/wp\/v2\/types\/product"}],"replies":[{"embeddable":true,"href":"https:\/\/shop.totemas.lt\/ru\/wp-json\/wp\/v2\/comments?post=6412"}],"wp:featuredmedia":[{"embeddable":true,"href":"https:\/\/shop.totemas.lt\/ru\/wp-json\/wp\/v2\/media\/4464"}],"wp:attachment":[{"href":"https:\/\/shop.totemas.lt\/ru\/wp-json\/wp\/v2\/media?parent=6412"}],"wp:term":[{"taxonomy":"product_brand","embeddable":true,"href":"https:\/\/shop.totemas.lt\/ru\/wp-json\/wp\/v2\/product_brand?post=6412"},{"taxonomy":"product_cat","embeddable":true,"href":"https:\/\/shop.totemas.lt\/ru\/wp-json\/wp\/v2\/product_cat?post=6412"},{"taxonomy":"product_tag","embeddable":true,"href":"https:\/\/shop.totemas.lt\/ru\/wp-json\/wp\/v2\/product_tag?post=6412"}],"curies":[{"name":"wp","href":"https:\/\/api.w.org\/{rel}","templated":true}]}}