{"id":6420,"date":"2026-04-17T11:07:53","date_gmt":"2026-04-17T08:07:53","guid":{"rendered":"https:\/\/shop.totemas.lt\/?post_type=product&#038;p=6420"},"modified":"2026-04-17T13:01:22","modified_gmt":"2026-04-17T10:01:22","slug":"5-kw-solis-vienfazis-inverteris-s6-gr1p5k","status":"publish","type":"product","link":"https:\/\/shop.totemas.lt\/ru\/product\/5-kw-solis-vienfazis-inverteris-s6-gr1p5k\/","title":{"rendered":"5 kW Solis vienfazis inverteris S6-GR1P5K"},"content":{"rendered":"<ul class=\"list-p1\">\n<li class=\"col_lg_12 col_xs_24\">Prisitaikantis silpnas tinklelis;<\/li>\n<li class=\"col_lg_12 col_xs_24\">Maks. efektyvumas 97,7%;<\/li>\n<li class=\"col_lg_12 col_xs_24\">Palaiko eksportuojamos energijos valdym\u0105;<\/li>\n<li class=\"col_lg_12 col_xs_24\">24 valand\u0173 trukm\u0117s apkrovos s\u0105naud\u0173 steb\u0117jimas;<\/li>\n<li class=\"col_lg_12 col_xs_24\">Platus \u012ftampos diapazonas ir ma\u017ea paleidimo \u012ftampa;<\/li>\n<li class=\"col_lg_12 col_xs_24\">DC lanko grandin\u0117s apsauga, aktyviai ma\u017einanti gaisro pavoj\u0173.<\/li>\n<\/ul>","protected":false},"excerpt":{"rendered":"<p>S6-GR1P(2.5-6)K serijos inverteris skirtas gyvenam\u0173j\u0173 objekt\u0173 fotovoltin\u0117ms j\u0117gain\u0117ms. Did\u017eiausias \u012fvesties srov\u0117s stipris vienai baterij\u0173 grandinei yra 14 A, kuris dera su didelio efektyvumo moduliais ir dvisluoksniais moduliais. Konstrukcija kompakti\u0161ka ir lengva, tod\u0117l lengva montuoti. Apsaugos lygis padidintas iki IP66. Integruota AFCI funkcija gali proaktyviai suma\u017einti gaisro pavoj\u0173.<\/p>","protected":false},"featured_media":5438,"comment_status":"open","ping_status":"closed","template":"","meta":[],"product_brand":[223],"product_cat":[357,358,396],"product_tag":[],"class_list":{"0":"post-6420","1":"product","2":"type-product","3":"status-publish","4":"has-post-thumbnail","6":"product_brand-solis","7":"product_cat-inverteriai","8":"product_cat-on-grid-standartiniai","9":"product_cat-vienfaziai-on-grid-standartiniai","11":"first","12":"outofstock","13":"sale","14":"taxable","15":"shipping-taxable","16":"purchasable","17":"product-type-simple"},"_links":{"self":[{"href":"https:\/\/shop.totemas.lt\/ru\/wp-json\/wp\/v2\/product\/6420","targetHints":{"allow":["GET"]}}],"collection":[{"href":"https:\/\/shop.totemas.lt\/ru\/wp-json\/wp\/v2\/product"}],"about":[{"href":"https:\/\/shop.totemas.lt\/ru\/wp-json\/wp\/v2\/types\/product"}],"replies":[{"embeddable":true,"href":"https:\/\/shop.totemas.lt\/ru\/wp-json\/wp\/v2\/comments?post=6420"}],"wp:featuredmedia":[{"embeddable":true,"href":"https:\/\/shop.totemas.lt\/ru\/wp-json\/wp\/v2\/media\/5438"}],"wp:attachment":[{"href":"https:\/\/shop.totemas.lt\/ru\/wp-json\/wp\/v2\/media?parent=6420"}],"wp:term":[{"taxonomy":"product_brand","embeddable":true,"href":"https:\/\/shop.totemas.lt\/ru\/wp-json\/wp\/v2\/product_brand?post=6420"},{"taxonomy":"product_cat","embeddable":true,"href":"https:\/\/shop.totemas.lt\/ru\/wp-json\/wp\/v2\/product_cat?post=6420"},{"taxonomy":"product_tag","embeddable":true,"href":"https:\/\/shop.totemas.lt\/ru\/wp-json\/wp\/v2\/product_tag?post=6420"}],"curies":[{"name":"wp","href":"https:\/\/api.w.org\/{rel}","templated":true}]}}