{"id":6422,"date":"2026-04-17T11:07:53","date_gmt":"2026-04-17T08:07:53","guid":{"rendered":"https:\/\/shop.totemas.lt\/?post_type=product&#038;p=6422"},"modified":"2026-04-18T03:01:15","modified_gmt":"2026-04-18T00:01:15","slug":"teltonika-elektromobilio-ikrovimo-stotele-teltocharge-11-kw-type2-be-krovimo-laido-slate-grey","status":"publish","type":"product","link":"https:\/\/shop.totemas.lt\/ru\/product\/teltonika-elektromobilio-ikrovimo-stotele-teltocharge-11-kw-type2-be-krovimo-laido-slate-grey\/","title":{"rendered":"Teltonika elektromobilio \u012fkrovimo stotel\u0117 TeltoCharge 11 kW Type2 be krovimo laido &#8220;Slate Grey&#8221;"},"content":{"rendered":"<p><!--StartFragment --><\/p>\n<p>Teltonika TeltoCharge \u2013 tai auk\u0161tos kokyb\u0117s elektromobilio \u012fkrovimo stotel\u0117, sukurta lietuvi\u0173 kompanijos Teltonika Energy. Ji pasi\u017eymi <strong>11 kW galia<\/strong>, <strong>Type 2 jungtimi rozet\u0117<\/strong>, ir eleganti\u0161ku <strong>Slate Grey<\/strong> dizainu, puikiai deran\u010diu prie \u0161iuolaikin\u0117s architekt\u016bros.<\/p>\n<p><!--EndFragment --><\/p>","protected":false},"excerpt":{"rendered":"<p>\u201eTeltoCharge\u201c \u012fkroviklis pasi\u017eymi \u012fvairiomis naudingomis funkcijomis \u2013 saul\u0117s energijos \u012fkrovimas, dinaminis apkrovos balansavimas ir valdymas, OCPP 1.6 ir nuolatiniai atnaujinimai. \u201eTeltonikos\u201c \u012fkroviklis yra paruo\u0161tas patenkinti nuolat kintan\u010dius ir tobul\u0117jan\u010dius elektromobili\u0173 techninius reikalavimus.<\/p>","protected":false},"featured_media":5443,"comment_status":"open","ping_status":"closed","template":"","meta":[],"product_brand":[275],"product_cat":[402,364,401,403],"product_tag":[],"class_list":{"0":"post-6422","1":"product","2":"type-product","3":"status-publish","4":"has-post-thumbnail","6":"product_brand-teltonika","7":"product_cat-be-krovimo-laido","8":"product_cat-ikrovimo-stoteles","9":"product_cat-namu-ikrovimo-stoteles","10":"product_cat-teltonika","12":"first","13":"outofstock","14":"sale","15":"taxable","16":"shipping-taxable","17":"purchasable","18":"product-type-simple"},"_links":{"self":[{"href":"https:\/\/shop.totemas.lt\/ru\/wp-json\/wp\/v2\/product\/6422","targetHints":{"allow":["GET"]}}],"collection":[{"href":"https:\/\/shop.totemas.lt\/ru\/wp-json\/wp\/v2\/product"}],"about":[{"href":"https:\/\/shop.totemas.lt\/ru\/wp-json\/wp\/v2\/types\/product"}],"replies":[{"embeddable":true,"href":"https:\/\/shop.totemas.lt\/ru\/wp-json\/wp\/v2\/comments?post=6422"}],"wp:featuredmedia":[{"embeddable":true,"href":"https:\/\/shop.totemas.lt\/ru\/wp-json\/wp\/v2\/media\/5443"}],"wp:attachment":[{"href":"https:\/\/shop.totemas.lt\/ru\/wp-json\/wp\/v2\/media?parent=6422"}],"wp:term":[{"taxonomy":"product_brand","embeddable":true,"href":"https:\/\/shop.totemas.lt\/ru\/wp-json\/wp\/v2\/product_brand?post=6422"},{"taxonomy":"product_cat","embeddable":true,"href":"https:\/\/shop.totemas.lt\/ru\/wp-json\/wp\/v2\/product_cat?post=6422"},{"taxonomy":"product_tag","embeddable":true,"href":"https:\/\/shop.totemas.lt\/ru\/wp-json\/wp\/v2\/product_tag?post=6422"}],"curies":[{"name":"wp","href":"https:\/\/api.w.org\/{rel}","templated":true}]}}