{"id":6429,"date":"2026-04-17T11:07:54","date_gmt":"2026-04-17T08:07:54","guid":{"rendered":"https:\/\/shop.totemas.lt\/?post_type=product&#038;p=6429"},"modified":"2026-04-17T15:01:10","modified_gmt":"2026-04-17T12:01:10","slug":"dyness-box-bateriju-valdiklis-sujungiantis-tower-bokstus-tw65","status":"publish","type":"product","link":"https:\/\/shop.totemas.lt\/ru\/product\/dyness-box-bateriju-valdiklis-sujungiantis-tower-bokstus-tw65\/","title":{"rendered":"Dyness box baterij\u0173 valdiklis sujungiantis Tower bok\u0161tus TW65"},"content":{"rendered":"<p><strong>Saugus ir lengvas sistemos i\u0161jungimas<\/strong><br \/>\nViena i\u0161 svarbiausi\u0173 dyness savybi\u0173 yra ta, kad kombinatoriaus d\u0117\u017eut\u0117 leid\u017eia lengvai atjungti grandin\u0119, kai reikia atlikti energijos kaupimo technin\u0117s prie\u017ei\u016bros, tikrinimo ar remonto darbus. Tai leid\u017eia greitai ir saugiai i\u0161jungti tik tuos sistemos elementus, kuriems gedimo atveju reikia \u012fsiki\u0161ti, suma\u017einant elektros energijos tiekimo sutrikim\u0173 mast\u0105 ir u\u017etikrinant kit\u0173 komponent\u0173 veikimo t\u0119stinum\u0105.<\/p>\n<p><strong>Lengva pri\u017ei\u016br\u0117ti ir patikrinti<\/strong><br \/>\n&#8220;Dyness&#8221; kombinatoriaus d\u0117\u017eut\u0117 leid\u017eia lengvai pri\u017ei\u016br\u0117ti ir tikrinti energijos kaupimo sistem\u0105. D\u0117l tinkamo komponent\u0173 sujungimo ir galimyb\u0117s lengvai atjungti grandin\u0119 prie\u017ei\u016bra tampa greitesn\u0117 ir efektyvesn\u0117, o tai rei\u0161kia ilgesn\u012f tarnavimo laik\u0105 ir didesn\u012f sistemos efektyvum\u0105.<\/p>","protected":false},"excerpt":{"rendered":"<p>&#8220;Dyness Combiner&#8221; d\u0117\u017eut\u0117 yra pagrindinis bet kurios pa\u017eangios energijos kaupimo sistemos elementas, u\u017etikrinantis tinkam\u0105 kaupimo komponent\u0173 sujungim\u0105 ir energijos srauto funkcij\u0105. Pagrindinis jo tikslas yra palengvinti sistemos prie\u017ei\u016br\u0105 ir tikrinim\u0105 bei suma\u017einti elektros energijos tiekimo nutraukimo mast\u0105. Be to, tur\u0117t\u0173 b\u016bti u\u017etikrintas sistemos saugumas ir prieinamumas.<\/p>","protected":false},"featured_media":5467,"comment_status":"open","ping_status":"closed","template":"","meta":[],"product_brand":[227],"product_cat":[377,362,378],"product_tag":[],"class_list":{"0":"post-6429","1":"product","2":"type-product","3":"status-publish","4":"has-post-thumbnail","6":"product_brand-dyness","7":"product_cat-auksto-voltazo-baterijos","8":"product_cat-baterijos","9":"product_cat-bateriju-priedai","11":"first","12":"instock","13":"sale","14":"taxable","15":"shipping-taxable","16":"purchasable","17":"product-type-simple"},"_links":{"self":[{"href":"https:\/\/shop.totemas.lt\/ru\/wp-json\/wp\/v2\/product\/6429","targetHints":{"allow":["GET"]}}],"collection":[{"href":"https:\/\/shop.totemas.lt\/ru\/wp-json\/wp\/v2\/product"}],"about":[{"href":"https:\/\/shop.totemas.lt\/ru\/wp-json\/wp\/v2\/types\/product"}],"replies":[{"embeddable":true,"href":"https:\/\/shop.totemas.lt\/ru\/wp-json\/wp\/v2\/comments?post=6429"}],"wp:featuredmedia":[{"embeddable":true,"href":"https:\/\/shop.totemas.lt\/ru\/wp-json\/wp\/v2\/media\/5467"}],"wp:attachment":[{"href":"https:\/\/shop.totemas.lt\/ru\/wp-json\/wp\/v2\/media?parent=6429"}],"wp:term":[{"taxonomy":"product_brand","embeddable":true,"href":"https:\/\/shop.totemas.lt\/ru\/wp-json\/wp\/v2\/product_brand?post=6429"},{"taxonomy":"product_cat","embeddable":true,"href":"https:\/\/shop.totemas.lt\/ru\/wp-json\/wp\/v2\/product_cat?post=6429"},{"taxonomy":"product_tag","embeddable":true,"href":"https:\/\/shop.totemas.lt\/ru\/wp-json\/wp\/v2\/product_tag?post=6429"}],"curies":[{"name":"wp","href":"https:\/\/api.w.org\/{rel}","templated":true}]}}