{"id":6435,"date":"2026-04-17T11:08:00","date_gmt":"2026-04-17T08:08:00","guid":{"rendered":"https:\/\/shop.totemas.lt\/?post_type=product&#038;p=6435"},"modified":"2026-04-17T13:01:08","modified_gmt":"2026-04-17T10:01:08","slug":"enershare-zemo-voltazo-baterija-16-08-kwh","status":"publish","type":"product","link":"https:\/\/shop.totemas.lt\/ru\/product\/enershare-zemo-voltazo-baterija-16-08-kwh\/","title":{"rendered":"Enershare \u017eemo volta\u017eo baterija 16.08 kWh"},"content":{"rendered":"<div>Didelis energijos tankis ir kompakti\u0161kas dizainas.<\/div>\n<div><strong>Integruota su 314 LiFePO\u2084 l\u0105steli\u0173:<\/strong> Naudojant kvadratinius aliuminio korpuso elementus (148 mm \u00d7 98 mm \u00d7 26 mm), lazerinio suvirinimo ir laminavimo procesai pasiekia 15 kWh talp\u0105 0,28 m\u00b3 t\u016bryje, o energijos tankis yra 178 Wh\/l \u2013 tris kartus didesnis nei tradicini\u0173 \u0161vino r\u016bg\u0161ties akumuliatori\u0173.<\/div>\n<div><strong>Erdv\u0117s pritaikomumas:\u00a0<\/strong>Sistema sveria tik 210 kg ir gali b\u016bti montuojama ant sienos arba ant grind\u0173, tinka nam\u0173 gara\u017eams, r\u016bsiams ar komercin\u0117s \u012frangos patalpoms, sutaupant daugiau nei 30% montavimo vietos.<\/div>\n<div><strong>Element\u0173 lygio aktyvaus balansavimo technologija:\u00a0<\/strong>Pailgina akumuliatoriaus veikimo laik\u0105 30%.<\/div>\n<div><strong>Dinaminis balansavimo mechanizmas:\u00a0<\/strong>BMS stebi kiekvienos l\u0105stel\u0117s \u012ftamp\u0105 ir SOC realiuoju laiku. Kai skirtumas vir\u0161ija \u00b150 mV, DC-DC keitiklis suaktyvina energijos perdavim\u0105, pasiekdamas 98% balansavimo efektyvum\u0105, u\u017etikrindamas sinchronizuot\u0105 degradacij\u0105 visuose elementuose. Ekonominio efektyvumo patikrinimas: Remiantis 10 met\u0173 naudojimo ciklu, aktyvaus balansavimo technologija padidina ciklo tarnavimo laik\u0105 nuo 3 000 cikl\u0173 (80 % DOD) iki 3 900 cikl\u0173, suma\u017eindama kilovatvaland\u0117s kain\u0105 nuo 0,30 juanio iki 0,23 juanio, sutaupydama 23 % eksploatavimo ir prie\u017ei\u016bros i\u0161laid\u0173, palyginti su sistema be balansavimo.<\/div>","protected":false},"excerpt":{"rendered":"<p>Aktyvi 16 kWh\u00a0<span class=\"keywords_replace\">gyvenam\u0173j\u0173 nam\u0173 energijos kaupimo sistema<\/span>, puikus prie\u0161gaisrin\u0117s saugos ir technologij\u0173 derinys.<\/p>","protected":false},"featured_media":5500,"comment_status":"open","ping_status":"closed","template":"","meta":[],"product_brand":[269],"product_cat":[362,406,408],"product_tag":[],"class_list":{"0":"post-6435","1":"product","2":"type-product","3":"status-publish","4":"has-post-thumbnail","6":"product_brand-enershare","7":"product_cat-baterijos","8":"product_cat-zemo-voltazo-baterijos","9":"product_cat-zemo-voltazo-enershare","11":"first","12":"outofstock","13":"sale","14":"taxable","15":"shipping-taxable","16":"purchasable","17":"product-type-simple"},"_links":{"self":[{"href":"https:\/\/shop.totemas.lt\/ru\/wp-json\/wp\/v2\/product\/6435","targetHints":{"allow":["GET"]}}],"collection":[{"href":"https:\/\/shop.totemas.lt\/ru\/wp-json\/wp\/v2\/product"}],"about":[{"href":"https:\/\/shop.totemas.lt\/ru\/wp-json\/wp\/v2\/types\/product"}],"replies":[{"embeddable":true,"href":"https:\/\/shop.totemas.lt\/ru\/wp-json\/wp\/v2\/comments?post=6435"}],"wp:featuredmedia":[{"embeddable":true,"href":"https:\/\/shop.totemas.lt\/ru\/wp-json\/wp\/v2\/media\/5500"}],"wp:attachment":[{"href":"https:\/\/shop.totemas.lt\/ru\/wp-json\/wp\/v2\/media?parent=6435"}],"wp:term":[{"taxonomy":"product_brand","embeddable":true,"href":"https:\/\/shop.totemas.lt\/ru\/wp-json\/wp\/v2\/product_brand?post=6435"},{"taxonomy":"product_cat","embeddable":true,"href":"https:\/\/shop.totemas.lt\/ru\/wp-json\/wp\/v2\/product_cat?post=6435"},{"taxonomy":"product_tag","embeddable":true,"href":"https:\/\/shop.totemas.lt\/ru\/wp-json\/wp\/v2\/product_tag?post=6435"}],"curies":[{"name":"wp","href":"https:\/\/api.w.org\/{rel}","templated":true}]}}