{"id":6450,"date":"2026-04-17T11:08:01","date_gmt":"2026-04-17T08:08:01","guid":{"rendered":"https:\/\/shop.totemas.lt\/?post_type=product&#038;p=6450"},"modified":"2026-04-17T17:00:55","modified_gmt":"2026-04-17T14:00:55","slug":"solis-s3-looger-duomenu-kaupiklis","status":"publish","type":"product","link":"https:\/\/shop.totemas.lt\/ru\/product\/solis-s3-looger-duomenu-kaupiklis\/","title":{"rendered":"Solis S3-Looger duomen\u0173 kaupiklis"},"content":{"rendered":"<ul>\n<li>Tai i\u0161manus \u012frenginys, skirtas duomen\u0173 rinkimui, perdavimui ir \u012frengini\u0173 integracijai;<br \/>\nFTP duomen\u0173 perdavimas;<\/li>\n<li>Nuotolinis inverteri\u0173 atnaujinimas;<\/li>\n<li>Duomen\u0173 prijungimas prie vietin\u0117s steb\u0117jimo sistemos;<\/li>\n<li>Vieno mygtuko adres\u0173 priskyrimas ir EPM funkcija;<\/li>\n<li>Palaikomas \u201eZero Injection\u201c re\u017eimas (su skaitikliu);<\/li>\n<li>Prieiga prie SolisCloud platformos.<!--EndFragment --><\/li>\n<\/ul>","protected":false},"excerpt":{"rendered":"<p>Tai i\u0161manus \u012frenginys, skirtas duomen\u0173 rinkimui, perdavimui ir \u012frengini\u0173 integracijai.<\/p>","protected":false},"featured_media":5552,"comment_status":"open","ping_status":"closed","template":"","meta":[],"product_brand":[223],"product_cat":[376,370],"product_tag":[],"class_list":{"0":"post-6450","1":"product","2":"type-product","3":"status-publish","4":"has-post-thumbnail","6":"product_brand-solis","7":"product_cat-datalogger","8":"product_cat-priedai","10":"first","11":"instock","12":"sale","13":"taxable","14":"shipping-taxable","15":"purchasable","16":"product-type-simple"},"_links":{"self":[{"href":"https:\/\/shop.totemas.lt\/ru\/wp-json\/wp\/v2\/product\/6450","targetHints":{"allow":["GET"]}}],"collection":[{"href":"https:\/\/shop.totemas.lt\/ru\/wp-json\/wp\/v2\/product"}],"about":[{"href":"https:\/\/shop.totemas.lt\/ru\/wp-json\/wp\/v2\/types\/product"}],"replies":[{"embeddable":true,"href":"https:\/\/shop.totemas.lt\/ru\/wp-json\/wp\/v2\/comments?post=6450"}],"wp:featuredmedia":[{"embeddable":true,"href":"https:\/\/shop.totemas.lt\/ru\/wp-json\/wp\/v2\/media\/5552"}],"wp:attachment":[{"href":"https:\/\/shop.totemas.lt\/ru\/wp-json\/wp\/v2\/media?parent=6450"}],"wp:term":[{"taxonomy":"product_brand","embeddable":true,"href":"https:\/\/shop.totemas.lt\/ru\/wp-json\/wp\/v2\/product_brand?post=6450"},{"taxonomy":"product_cat","embeddable":true,"href":"https:\/\/shop.totemas.lt\/ru\/wp-json\/wp\/v2\/product_cat?post=6450"},{"taxonomy":"product_tag","embeddable":true,"href":"https:\/\/shop.totemas.lt\/ru\/wp-json\/wp\/v2\/product_tag?post=6450"}],"curies":[{"name":"wp","href":"https:\/\/api.w.org\/{rel}","templated":true}]}}