{"id":6458,"date":"2026-04-17T11:08:02","date_gmt":"2026-04-17T08:08:02","guid":{"rendered":"https:\/\/shop.totemas.lt\/?post_type=product&#038;p=6458"},"modified":"2026-04-17T11:08:06","modified_gmt":"2026-04-17T08:08:06","slug":"circle-k-dovanu-kortele-20-e","status":"publish","type":"product","link":"https:\/\/shop.totemas.lt\/ru\/product\/circle-k-dovanu-kortele-20-e\/","title":{"rendered":"\u201eCircle K\u201c dovan\u0173 kortel\u0117 20 \u20ac"},"content":{"rendered":"<p>Dovan\u0173 kortel\u0117 skirta atsiskaityti \u201eCircle K\u201c degalin\u0117se visoje Lietuvoje. Ja galite \u012fsigyti degal\u0173, preki\u0173 ar paslaug\u0173.<\/p>","protected":false},"excerpt":{"rendered":"<p>Dovan\u0173 kortel\u0117 skirta atsiskaityti \u201eCircle K\u201c degalin\u0117se visoje Lietuvoje. Ja galite \u012fsigyti degal\u0173, preki\u0173 ar paslaug\u0173.<\/p>","protected":false},"featured_media":5701,"comment_status":"open","ping_status":"closed","template":"","meta":[],"product_brand":[],"product_cat":[409],"product_tag":[],"class_list":{"0":"post-6458","1":"product","2":"type-product","3":"status-publish","4":"has-post-thumbnail","6":"product_cat-prekes-uz-taskus","8":"first","9":"instock","10":"taxable","11":"shipping-taxable","12":"purchasable","13":"product-type-simple"},"_links":{"self":[{"href":"https:\/\/shop.totemas.lt\/ru\/wp-json\/wp\/v2\/product\/6458","targetHints":{"allow":["GET"]}}],"collection":[{"href":"https:\/\/shop.totemas.lt\/ru\/wp-json\/wp\/v2\/product"}],"about":[{"href":"https:\/\/shop.totemas.lt\/ru\/wp-json\/wp\/v2\/types\/product"}],"replies":[{"embeddable":true,"href":"https:\/\/shop.totemas.lt\/ru\/wp-json\/wp\/v2\/comments?post=6458"}],"wp:featuredmedia":[{"embeddable":true,"href":"https:\/\/shop.totemas.lt\/ru\/wp-json\/wp\/v2\/media\/5701"}],"wp:attachment":[{"href":"https:\/\/shop.totemas.lt\/ru\/wp-json\/wp\/v2\/media?parent=6458"}],"wp:term":[{"taxonomy":"product_brand","embeddable":true,"href":"https:\/\/shop.totemas.lt\/ru\/wp-json\/wp\/v2\/product_brand?post=6458"},{"taxonomy":"product_cat","embeddable":true,"href":"https:\/\/shop.totemas.lt\/ru\/wp-json\/wp\/v2\/product_cat?post=6458"},{"taxonomy":"product_tag","embeddable":true,"href":"https:\/\/shop.totemas.lt\/ru\/wp-json\/wp\/v2\/product_tag?post=6458"}],"curies":[{"name":"wp","href":"https:\/\/api.w.org\/{rel}","templated":true}]}}