{"id":6515,"date":"2026-04-17T11:08:20","date_gmt":"2026-04-17T08:08:20","guid":{"rendered":"https:\/\/shop.totemas.lt\/?post_type=product&#038;p=6515"},"modified":"2026-04-17T15:00:44","modified_gmt":"2026-04-17T12:00:44","slug":"livoltek-stovas-ikrovimo-stotelei-11-22-kw","status":"publish","type":"product","link":"https:\/\/shop.totemas.lt\/ru\/product\/livoltek-stovas-ikrovimo-stotelei-11-22-kw\/","title":{"rendered":"Livoltek Stovas \u012fkrovimo stotelei 11\/22 kW"},"content":{"rendered":"<p>Livoltek stovas skiras: Livoltek 11\/22kW kintamosios srov\u0117s elektromobili\u0173 \u012fkrovimo stotelei.<\/p>\n<p>&nbsp;<\/p>\n<h3 class=\"h3 single-product-right-title\"><\/h3>","protected":false},"excerpt":{"rendered":"<p>Livoltek stovas skiras: Livoltek 11\/22kW kintamosios srov\u0117s elektromobili\u0173 \u012fkrovimo stotelei. &nbsp;<\/p>","protected":false},"featured_media":5783,"comment_status":"open","ping_status":"closed","template":"","meta":[],"product_brand":[290],"product_cat":[364,411],"product_tag":[],"class_list":{"0":"post-6515","1":"product","2":"type-product","3":"status-publish","4":"has-post-thumbnail","6":"product_brand-livoltek","7":"product_cat-ikrovimo-stoteles","8":"product_cat-livoltek","10":"first","11":"instock","12":"sale","13":"taxable","14":"shipping-taxable","15":"purchasable","16":"product-type-simple"},"_links":{"self":[{"href":"https:\/\/shop.totemas.lt\/ru\/wp-json\/wp\/v2\/product\/6515","targetHints":{"allow":["GET"]}}],"collection":[{"href":"https:\/\/shop.totemas.lt\/ru\/wp-json\/wp\/v2\/product"}],"about":[{"href":"https:\/\/shop.totemas.lt\/ru\/wp-json\/wp\/v2\/types\/product"}],"replies":[{"embeddable":true,"href":"https:\/\/shop.totemas.lt\/ru\/wp-json\/wp\/v2\/comments?post=6515"}],"wp:featuredmedia":[{"embeddable":true,"href":"https:\/\/shop.totemas.lt\/ru\/wp-json\/wp\/v2\/media\/5783"}],"wp:attachment":[{"href":"https:\/\/shop.totemas.lt\/ru\/wp-json\/wp\/v2\/media?parent=6515"}],"wp:term":[{"taxonomy":"product_brand","embeddable":true,"href":"https:\/\/shop.totemas.lt\/ru\/wp-json\/wp\/v2\/product_brand?post=6515"},{"taxonomy":"product_cat","embeddable":true,"href":"https:\/\/shop.totemas.lt\/ru\/wp-json\/wp\/v2\/product_cat?post=6515"},{"taxonomy":"product_tag","embeddable":true,"href":"https:\/\/shop.totemas.lt\/ru\/wp-json\/wp\/v2\/product_tag?post=6515"}],"curies":[{"name":"wp","href":"https:\/\/api.w.org\/{rel}","templated":true}]}}