{"id":6525,"date":"2026-04-17T11:08:27","date_gmt":"2026-04-17T08:08:27","guid":{"rendered":"https:\/\/shop.totemas.lt\/?post_type=product&#038;p=6525"},"modified":"2026-04-17T13:00:40","modified_gmt":"2026-04-17T10:00:40","slug":"ruitian-mc4-jungtys-1x-kistukas-1x-lizdas","status":"publish","type":"product","link":"https:\/\/shop.totemas.lt\/ru\/product\/ruitian-mc4-jungtys-1x-kistukas-1x-lizdas\/","title":{"rendered":"Ruitian MC4 jungtys, 1x ki\u0161tukas \/ 1x lizdas"},"content":{"rendered":"<p>Fotovoltinio kabelio jungtis.<\/p>\n<p>Acc.to DIN V VDE V 0126-3 \/ 12.06, UL1703 standartas.<\/p>","protected":false},"excerpt":{"rendered":"<p>\u2022 Paprastas, greitas, saugus ir efektyvus surinkimas;<\/p>\n<p>\u2022 Kurkite nepriklausom\u0105, novatori\u0161k\u0105 dizain\u0105, tur\u0117kite nepriklausomas intelektin\u0117s nuosavyb\u0117s teises, tiesiogiai prisitaikydami prie saul\u0117s jungties;<\/p>\n<p>\u2022 Didelis mechaninis patvarumas;<\/p>\n<p>\u2022 Ma\u017eas per\u0117jimo atsparumas;<\/p>\n<p>\u2022 Naujovi\u0161kas sandarus, vandeniui atsparus, atsparus dulk\u0117ms dizainas: IP68;<\/p>\n<p>\u2022 Puiki plastikin\u0117 med\u017eiaga, UL 94-V0, platus temperat\u016bros diapazonas: nuo -40 \u00b0 C iki 90 \u00b0 C, atsparus oro s\u0105lygoms ir UV spinduliams ilgalaikiam naudojimui lauke;<\/p>\n<p>\u2022Patvirtinta TUV.<\/p>","protected":false},"featured_media":5814,"comment_status":"closed","ping_status":"closed","template":"","meta":[],"product_brand":[291],"product_cat":[388,379],"product_tag":[],"class_list":{"0":"post-6525","1":"product","2":"type-product","3":"status-publish","4":"has-post-thumbnail","6":"product_brand-ruitian","7":"product_cat-kabeliai-ir-kitos-papildomos-montavimo-medziagos","8":"product_cat-montavimo-medziagos","10":"first","11":"instock","12":"sale","13":"taxable","14":"shipping-taxable","15":"purchasable","16":"product-type-simple"},"_links":{"self":[{"href":"https:\/\/shop.totemas.lt\/ru\/wp-json\/wp\/v2\/product\/6525","targetHints":{"allow":["GET"]}}],"collection":[{"href":"https:\/\/shop.totemas.lt\/ru\/wp-json\/wp\/v2\/product"}],"about":[{"href":"https:\/\/shop.totemas.lt\/ru\/wp-json\/wp\/v2\/types\/product"}],"replies":[{"embeddable":true,"href":"https:\/\/shop.totemas.lt\/ru\/wp-json\/wp\/v2\/comments?post=6525"}],"wp:featuredmedia":[{"embeddable":true,"href":"https:\/\/shop.totemas.lt\/ru\/wp-json\/wp\/v2\/media\/5814"}],"wp:attachment":[{"href":"https:\/\/shop.totemas.lt\/ru\/wp-json\/wp\/v2\/media?parent=6525"}],"wp:term":[{"taxonomy":"product_brand","embeddable":true,"href":"https:\/\/shop.totemas.lt\/ru\/wp-json\/wp\/v2\/product_brand?post=6525"},{"taxonomy":"product_cat","embeddable":true,"href":"https:\/\/shop.totemas.lt\/ru\/wp-json\/wp\/v2\/product_cat?post=6525"},{"taxonomy":"product_tag","embeddable":true,"href":"https:\/\/shop.totemas.lt\/ru\/wp-json\/wp\/v2\/product_tag?post=6525"}],"curies":[{"name":"wp","href":"https:\/\/api.w.org\/{rel}","templated":true}]}}