{"id":6528,"date":"2026-04-17T11:08:27","date_gmt":"2026-04-17T08:08:27","guid":{"rendered":"https:\/\/shop.totemas.lt\/?post_type=product&#038;p=6528"},"modified":"2026-04-17T12:00:41","modified_gmt":"2026-04-17T09:00:41","slug":"livoltek-ace-22kw-kintamosios-sroves-elektromobiliu-ikrovimo-stotele-3-ph","status":"publish","type":"product","link":"https:\/\/shop.totemas.lt\/ru\/product\/livoltek-ace-22kw-kintamosios-sroves-elektromobiliu-ikrovimo-stotele-3-ph\/","title":{"rendered":"Livoltek ACE 22kW kintamosios srov\u0117s elektromobili\u0173 \u012fkrovimo stotel\u0117 (3 Ph)"},"content":{"rendered":"<h3>Funkcijos:<\/h3>\n<ul>\n<li>IP65, IK10 apsauga;<\/li>\n<li>3 \u012fkrovimo re\u017eimai: greitas, dinami\u0161kas, ECO;<\/li>\n<li>OCPP 1.6J protokolas (v\u0117lesnis nemokamas atnaujinimas 2.0.1);<\/li>\n<li>Integruotas nuot\u0117kio srov\u0117s steb\u0117jimas (AC 30mA + DC 6mA);<\/li>\n<li>RFID vartotojo autorizacija;<\/li>\n<li>I\u0161manusis dinaminis apkrovos balanso valdymas.<\/li>\n<\/ul>","protected":false},"excerpt":{"rendered":"<p>LIVOLTEK ACE HomeAC \u012fkroviklis yra geriausias pasirinkimas \u012fkrovimui, j\u012f lengva \u012fdiegti ir naudoti, jis u\u017etikrina komfort\u0105 ir atstum\u0105 be nerimo. Jame yra 16A, 32A gaminiai, skirti vienfazei ir trifazei sistemai, visi\u0161kai patenkina j\u016bs\u0173 nam\u0173 \u012fkrovimo poreikius. Jis taip pat si\u016blo ekologi\u0161kesnes ir ekonomi\u0161kesnes funkcijas. Dirbdamas dinaminiu re\u017eimu jis gali reaguoti \u012f apkrovos balansavimo reikalavimus. Dirbdamas ECO re\u017eimu, jis gali valdyti \u012fkrovimo gali\u0105 su LIVOLTEK saul\u0117s energijos sistema naudoti daugiau \u017ealiosios energijos.<\/p>","protected":false},"featured_media":5817,"comment_status":"closed","ping_status":"closed","template":"","meta":[],"product_brand":[290],"product_cat":[364,411],"product_tag":[],"class_list":{"0":"post-6528","1":"product","2":"type-product","3":"status-publish","4":"has-post-thumbnail","6":"product_brand-livoltek","7":"product_cat-ikrovimo-stoteles","8":"product_cat-livoltek","10":"first","11":"outofstock","12":"sale","13":"taxable","14":"shipping-taxable","15":"purchasable","16":"product-type-simple"},"_links":{"self":[{"href":"https:\/\/shop.totemas.lt\/ru\/wp-json\/wp\/v2\/product\/6528","targetHints":{"allow":["GET"]}}],"collection":[{"href":"https:\/\/shop.totemas.lt\/ru\/wp-json\/wp\/v2\/product"}],"about":[{"href":"https:\/\/shop.totemas.lt\/ru\/wp-json\/wp\/v2\/types\/product"}],"replies":[{"embeddable":true,"href":"https:\/\/shop.totemas.lt\/ru\/wp-json\/wp\/v2\/comments?post=6528"}],"wp:featuredmedia":[{"embeddable":true,"href":"https:\/\/shop.totemas.lt\/ru\/wp-json\/wp\/v2\/media\/5817"}],"wp:attachment":[{"href":"https:\/\/shop.totemas.lt\/ru\/wp-json\/wp\/v2\/media?parent=6528"}],"wp:term":[{"taxonomy":"product_brand","embeddable":true,"href":"https:\/\/shop.totemas.lt\/ru\/wp-json\/wp\/v2\/product_brand?post=6528"},{"taxonomy":"product_cat","embeddable":true,"href":"https:\/\/shop.totemas.lt\/ru\/wp-json\/wp\/v2\/product_cat?post=6528"},{"taxonomy":"product_tag","embeddable":true,"href":"https:\/\/shop.totemas.lt\/ru\/wp-json\/wp\/v2\/product_tag?post=6528"}],"curies":[{"name":"wp","href":"https:\/\/api.w.org\/{rel}","templated":true}]}}