{"id":6540,"date":"2026-04-17T11:08:28","date_gmt":"2026-04-17T08:08:28","guid":{"rendered":"https:\/\/shop.totemas.lt\/?post_type=product&#038;p=6540"},"modified":"2026-04-18T11:00:41","modified_gmt":"2026-04-18T08:00:41","slug":"toats-2p-din-begelio-ats-automatinis-perjungiklis-110v-220v-63a-vienfazis","status":"publish","type":"product","link":"https:\/\/shop.totemas.lt\/ru\/product\/toats-2p-din-begelio-ats-automatinis-perjungiklis-110v-220v-63a-vienfazis\/","title":{"rendered":"TOATS-2P DIN b\u0117gelio ATS automatinis perjungiklis 110V 220V 63A vienfazis"},"content":{"rendered":"<p><strong>Nepertraukiamo dvigubo maitinimo perdavimo jungiklis:<\/strong> greito konvertavimo grei\u010dio dvipus\u0117 elektros konversijos \u012franga be prastov\u0173.Mechanin\u0117\/Automatin\u0117 Integruota.<\/p>\n<p><strong>Perjungimo greitis:<\/strong> 0,02 sekund\u0117s perjungimas, perjungimo greitis milimetrais perjungiant be maitinimo \u0161altinio. \u012erenginio aptikimo n\u0117ra.<\/p>\n<p><strong>\u0160al\u010diui ir kar\u0161\u010diui atsparus korpusas stabilesniam naudojimui:<\/strong>\u00a0Korpusas pagamintas i\u0161 auk\u0161tos kokyb\u0117s med\u017eiag\u0173, atspari\u0173 dilimui ir sl\u0117giui, kad b\u016bt\u0173 u\u017etikrintas naudojimo stabilumas sud\u0117tingoje ir at\u0161iaurioje aplinkoje.<\/p>","protected":false},"excerpt":{"rendered":"<p><strong>Nepertraukiamo dvigubo maitinimo perdavimo jungiklis:<\/strong> greito konvertavimo grei\u010dio dvipus\u0117 elektros konversijos \u012franga be prastov\u0173.<\/p>","protected":false},"featured_media":5829,"comment_status":"open","ping_status":"closed","template":"","meta":[],"product_brand":[277],"product_cat":[376,357,370,373],"product_tag":[],"class_list":{"0":"post-6540","1":"product","2":"type-product","3":"status-publish","4":"has-post-thumbnail","6":"product_brand-tongou","7":"product_cat-datalogger","8":"product_cat-inverteriai","9":"product_cat-priedai","10":"product_cat-valdikliai","12":"first","13":"instock","14":"sale","15":"taxable","16":"shipping-taxable","17":"purchasable","18":"product-type-simple"},"_links":{"self":[{"href":"https:\/\/shop.totemas.lt\/ru\/wp-json\/wp\/v2\/product\/6540","targetHints":{"allow":["GET"]}}],"collection":[{"href":"https:\/\/shop.totemas.lt\/ru\/wp-json\/wp\/v2\/product"}],"about":[{"href":"https:\/\/shop.totemas.lt\/ru\/wp-json\/wp\/v2\/types\/product"}],"replies":[{"embeddable":true,"href":"https:\/\/shop.totemas.lt\/ru\/wp-json\/wp\/v2\/comments?post=6540"}],"wp:featuredmedia":[{"embeddable":true,"href":"https:\/\/shop.totemas.lt\/ru\/wp-json\/wp\/v2\/media\/5829"}],"wp:attachment":[{"href":"https:\/\/shop.totemas.lt\/ru\/wp-json\/wp\/v2\/media?parent=6540"}],"wp:term":[{"taxonomy":"product_brand","embeddable":true,"href":"https:\/\/shop.totemas.lt\/ru\/wp-json\/wp\/v2\/product_brand?post=6540"},{"taxonomy":"product_cat","embeddable":true,"href":"https:\/\/shop.totemas.lt\/ru\/wp-json\/wp\/v2\/product_cat?post=6540"},{"taxonomy":"product_tag","embeddable":true,"href":"https:\/\/shop.totemas.lt\/ru\/wp-json\/wp\/v2\/product_tag?post=6540"}],"curies":[{"name":"wp","href":"https:\/\/api.w.org\/{rel}","templated":true}]}}